{"id":34136,"date":"2024-06-05T05:05:02","date_gmt":"2024-06-05T05:05:02","guid":{"rendered":"https:\/\/wheeled.hu\/?page_id=34136"},"modified":"2024-06-10T18:27:30","modified_gmt":"2024-06-10T18:27:30","slug":"echosafe","status":"publish","type":"page","link":"https:\/\/echosafe.eu\/en\/","title":{"rendered":"Echosafe"},"content":{"rendered":"<div data-elementor-type=\"wp-page\" data-elementor-id=\"34136\" class=\"elementor elementor-34136\">\n\t\t\t\t\t\t<section class=\"elementor-section elementor-top-section elementor-element elementor-element-44f6b342 elementor-section-content-middle elementor-section-boxed elementor-section-height-default elementor-section-height-default\" data-id=\"44f6b342\" data-element_type=\"section\" data-settings=\"{&quot;background_background&quot;:&quot;classic&quot;}\">\n\t\t\t\t\t\t\t<div class=\"elementor-background-overlay\"><\/div>\n\t\t\t\t\t\t\t<div class=\"elementor-container elementor-column-gap-no\">\n\t\t\t\t\t<div class=\"elementor-column elementor-col-100 elementor-top-column elementor-element elementor-element-11ec37d9\" data-id=\"11ec37d9\" data-element_type=\"column\">\n\t\t\t<div class=\"elementor-widget-wrap elementor-element-populated\">\n\t\t\t\t\t\t<div class=\"elementor-element elementor-element-265df8d2 elementor-widget elementor-widget-heading\" data-id=\"265df8d2\" data-element_type=\"widget\" data-widget_type=\"heading.default\">\n\t\t\t\t<div class=\"elementor-widget-container\">\n\t\t\t<style>\/*! elementor - v3.21.0 - 26-05-2024 *\/\n.elementor-heading-title{padding:0;margin:0;line-height:1}.elementor-widget-heading .elementor-heading-title[class*=elementor-size-]>a{color:inherit;font-size:inherit;line-height:inherit}.elementor-widget-heading .elementor-heading-title.elementor-size-small{font-size:15px}.elementor-widget-heading .elementor-heading-title.elementor-size-medium{font-size:19px}.elementor-widget-heading .elementor-heading-title.elementor-size-large{font-size:29px}.elementor-widget-heading .elementor-heading-title.elementor-size-xl{font-size:39px}.elementor-widget-heading .elementor-heading-title.elementor-size-xxl{font-size:59px}<\/style><h4 class=\"elementor-heading-title elementor-size-default\">Secure your verbal contracts with blockchain-based encryption<\/h4>\t\t<\/div>\n\t\t\t\t<\/div>\n\t\t\t\t<div class=\"elementor-element elementor-element-2b539c12 elementor-widget elementor-widget-text-editor\" data-id=\"2b539c12\" data-element_type=\"widget\" data-widget_type=\"text-editor.default\">\n\t\t\t\t<div class=\"elementor-widget-container\">\n\t\t\t<style>\/*! elementor - v3.21.0 - 26-05-2024 *\/\n.elementor-widget-text-editor.elementor-drop-cap-view-stacked .elementor-drop-cap{background-color:#69727d;color:#fff}.elementor-widget-text-editor.elementor-drop-cap-view-framed .elementor-drop-cap{color:#69727d;border:3px solid;background-color:transparent}.elementor-widget-text-editor:not(.elementor-drop-cap-view-default) .elementor-drop-cap{margin-top:8px}.elementor-widget-text-editor:not(.elementor-drop-cap-view-default) .elementor-drop-cap-letter{width:1em;height:1em}.elementor-widget-text-editor .elementor-drop-cap{float:left;text-align:center;line-height:1;font-size:50px}.elementor-widget-text-editor .elementor-drop-cap-letter{display:inline-block}<\/style>\t\t\t\t<p>With Echosafe, you can record, encrypt and store your oral contracts on your laptop or mobile phone.\u00a0<\/p>\t\t\t\t\t\t<\/div>\n\t\t\t\t<\/div>\n\t\t\t\t<div class=\"elementor-element elementor-element-05ac48e elementor-widget elementor-widget-button\" data-id=\"05ac48e\" data-element_type=\"widget\" data-widget_type=\"button.default\">\n\t\t\t\t<div class=\"elementor-widget-container\">\n\t\t\t\t\t<div class=\"elementor-button-wrapper\">\n\t\t\t<a class=\"elementor-button elementor-button-link elementor-size-sm\" href=\"https:\/\/echosafe.eu\/en\/404-2\/\">\n\t\t\t\t\t\t<span class=\"elementor-button-content-wrapper\">\n\t\t\t\t\t\t\t\t\t<span class=\"elementor-button-text\">Start Using, Completely Free!<\/span>\n\t\t\t\t\t<\/span>\n\t\t\t\t\t<\/a>\n\t\t<\/div>\n\t\t\t\t<\/div>\n\t\t\t\t<\/div>\n\t\t\t\t<div class=\"elementor-element elementor-element-df50bbb elementor-widget elementor-widget-image\" data-id=\"df50bbb\" data-element_type=\"widget\" data-widget_type=\"image.default\">\n\t\t\t\t<div class=\"elementor-widget-container\">\n\t\t\t<style>\/*! elementor - v3.21.0 - 26-05-2024 *\/\n.elementor-widget-image{text-align:center}.elementor-widget-image a{display:inline-block}.elementor-widget-image a img[src$=\".svg\"]{width:48px}.elementor-widget-image img{vertical-align:middle;display:inline-block}<\/style>\t\t\t\t\t\t\t\t\t\t<img fetchpriority=\"high\" decoding=\"async\" width=\"800\" height=\"239\" src=\"https:\/\/echosafe.eu\/wp-content\/uploads\/2024\/06\/google-play-app-store-android-google-play.jpg\" class=\"attachment-large size-large wp-image-34142\" alt=\"\" srcset=\"https:\/\/echosafe.eu\/wp-content\/uploads\/2024\/06\/google-play-app-store-android-google-play.jpg 800w, https:\/\/echosafe.eu\/wp-content\/uploads\/2024\/06\/google-play-app-store-android-google-play-300x90.jpg 300w, https:\/\/echosafe.eu\/wp-content\/uploads\/2024\/06\/google-play-app-store-android-google-play-768x229.jpg 768w\" sizes=\"(max-width: 800px) 100vw, 800px\" \/>\t\t\t\t\t\t\t\t\t\t\t\t\t<\/div>\n\t\t\t\t<\/div>\n\t\t\t\t<div class=\"elementor-element elementor-element-ef0fc6f elementor-widget elementor-widget-image\" data-id=\"ef0fc6f\" data-element_type=\"widget\" data-widget_type=\"image.default\">\n\t\t\t\t<div class=\"elementor-widget-container\">\n\t\t\t\t\t\t\t\t\t\t\t\t\t<img decoding=\"async\" width=\"1024\" height=\"304\" src=\"https:\/\/echosafe.eu\/wp-content\/uploads\/2024\/06\/Available_on_the_App_Store_black_SVG.svg_-1024x304.png\" class=\"attachment-large size-large wp-image-34143\" alt=\"\" srcset=\"https:\/\/echosafe.eu\/wp-content\/uploads\/2024\/06\/Available_on_the_App_Store_black_SVG.svg_-1024x304.png 1024w, https:\/\/echosafe.eu\/wp-content\/uploads\/2024\/06\/Available_on_the_App_Store_black_SVG.svg_-300x89.png 300w, https:\/\/echosafe.eu\/wp-content\/uploads\/2024\/06\/Available_on_the_App_Store_black_SVG.svg_-768x228.png 768w, https:\/\/echosafe.eu\/wp-content\/uploads\/2024\/06\/Available_on_the_App_Store_black_SVG.svg_-1536x455.png 1536w, https:\/\/echosafe.eu\/wp-content\/uploads\/2024\/06\/Available_on_the_App_Store_black_SVG.svg_-2048x607.png 2048w\" sizes=\"(max-width: 1024px) 100vw, 1024px\" \/>\t\t\t\t\t\t\t\t\t\t\t\t\t<\/div>\n\t\t\t\t<\/div>\n\t\t\t\t\t<\/div>\n\t\t<\/div>\n\t\t\t\t\t<\/div>\n\t\t<\/section>\n\t\t\t\t<section class=\"elementor-section elementor-top-section elementor-element elementor-element-43467e1 elementor-section-boxed elementor-section-height-default elementor-section-height-default\" data-id=\"43467e1\" data-element_type=\"section\">\n\t\t\t\t\t\t<div class=\"elementor-container elementor-column-gap-default\">\n\t\t\t\t\t<div class=\"elementor-column elementor-col-50 elementor-top-column elementor-element elementor-element-a549cd7\" data-id=\"a549cd7\" data-element_type=\"column\">\n\t\t\t<div class=\"elementor-widget-wrap\">\n\t\t\t\t\t\t\t<\/div>\n\t\t<\/div>\n\t\t\t\t<div class=\"elementor-column elementor-col-50 elementor-top-column elementor-element elementor-element-04565d9\" data-id=\"04565d9\" data-element_type=\"column\">\n\t\t\t<div class=\"elementor-widget-wrap elementor-element-populated\">\n\t\t\t\t\t\t<div class=\"elementor-element elementor-element-2819883 elementor-widget elementor-widget-image\" data-id=\"2819883\" data-element_type=\"widget\" data-widget_type=\"image.default\">\n\t\t\t\t<div class=\"elementor-widget-container\">\n\t\t\t\t\t\t\t\t\t\t\t\t\t<img decoding=\"async\" width=\"932\" height=\"663\" src=\"https:\/\/echosafe.eu\/wp-content\/uploads\/2024\/06\/echo.png\" class=\"attachment-large size-large wp-image-34144\" alt=\"\" srcset=\"https:\/\/echosafe.eu\/wp-content\/uploads\/2024\/06\/echo.png 932w, https:\/\/echosafe.eu\/wp-content\/uploads\/2024\/06\/echo-300x213.png 300w, https:\/\/echosafe.eu\/wp-content\/uploads\/2024\/06\/echo-768x546.png 768w\" sizes=\"(max-width: 932px) 100vw, 932px\" \/>\t\t\t\t\t\t\t\t\t\t\t\t\t<\/div>\n\t\t\t\t<\/div>\n\t\t\t\t\t<\/div>\n\t\t<\/div>\n\t\t\t\t\t<\/div>\n\t\t<\/section>\n\t\t\t\t<section class=\"elementor-section elementor-top-section elementor-element elementor-element-7c0645b elementor-section-boxed elementor-section-height-default elementor-section-height-default\" data-id=\"7c0645b\" data-element_type=\"section\">\n\t\t\t\t\t\t<div class=\"elementor-container elementor-column-gap-default\">\n\t\t\t\t\t<div class=\"elementor-column elementor-col-50 elementor-top-column elementor-element elementor-element-b04ac41\" data-id=\"b04ac41\" data-element_type=\"column\">\n\t\t\t<div class=\"elementor-widget-wrap elementor-element-populated\">\n\t\t\t\t\t\t<div class=\"elementor-element elementor-element-8fd49cf elementor-widget elementor-widget-image\" data-id=\"8fd49cf\" data-element_type=\"widget\" data-widget_type=\"image.default\">\n\t\t\t\t<div class=\"elementor-widget-container\">\n\t\t\t\t\t\t\t\t\t\t\t\t\t<img loading=\"lazy\" decoding=\"async\" width=\"456\" height=\"339\" src=\"https:\/\/echosafe.eu\/wp-content\/uploads\/2024\/06\/kep1.png\" class=\"attachment-large size-large wp-image-34161\" alt=\"\" srcset=\"https:\/\/echosafe.eu\/wp-content\/uploads\/2024\/06\/kep1.png 456w, https:\/\/echosafe.eu\/wp-content\/uploads\/2024\/06\/kep1-300x223.png 300w\" sizes=\"(max-width: 456px) 100vw, 456px\" \/>\t\t\t\t\t\t\t\t\t\t\t\t\t<\/div>\n\t\t\t\t<\/div>\n\t\t\t\t<div class=\"elementor-element elementor-element-3c77bf8 elementor-widget elementor-widget-heading\" data-id=\"3c77bf8\" data-element_type=\"widget\" data-widget_type=\"heading.default\">\n\t\t\t\t<div class=\"elementor-widget-container\">\n\t\t\t<h2 class=\"elementor-heading-title elementor-size-default\">No more missed deadlines<\/h2>\t\t<\/div>\n\t\t\t\t<\/div>\n\t\t\t\t<div class=\"elementor-element elementor-element-ced87eb elementor-widget elementor-widget-text-editor\" data-id=\"ced87eb\" data-element_type=\"widget\" data-widget_type=\"text-editor.default\">\n\t\t\t\t<div class=\"elementor-widget-container\">\n\t\t\t\t\t\t\t<p>Time is money. Set up notifications for your contract deadlines so you and your partner know when the work needs to be done.\u00a0<\/p>\t\t\t\t\t\t<\/div>\n\t\t\t\t<\/div>\n\t\t\t\t\t<\/div>\n\t\t<\/div>\n\t\t\t\t<div class=\"elementor-column elementor-col-50 elementor-top-column elementor-element elementor-element-5746841\" data-id=\"5746841\" data-element_type=\"column\">\n\t\t\t<div class=\"elementor-widget-wrap elementor-element-populated\">\n\t\t\t\t\t\t<div class=\"elementor-element elementor-element-96f1301 elementor-widget elementor-widget-image\" data-id=\"96f1301\" data-element_type=\"widget\" data-widget_type=\"image.default\">\n\t\t\t\t<div class=\"elementor-widget-container\">\n\t\t\t\t\t\t\t\t\t\t\t\t\t<img loading=\"lazy\" decoding=\"async\" width=\"455\" height=\"360\" src=\"https:\/\/echosafe.eu\/wp-content\/uploads\/2024\/06\/kep2.png\" class=\"attachment-large size-large wp-image-34160\" alt=\"\" srcset=\"https:\/\/echosafe.eu\/wp-content\/uploads\/2024\/06\/kep2.png 455w, https:\/\/echosafe.eu\/wp-content\/uploads\/2024\/06\/kep2-300x237.png 300w\" sizes=\"(max-width: 455px) 100vw, 455px\" \/>\t\t\t\t\t\t\t\t\t\t\t\t\t<\/div>\n\t\t\t\t<\/div>\n\t\t\t\t<div class=\"elementor-element elementor-element-8568be1 elementor-widget elementor-widget-heading\" data-id=\"8568be1\" data-element_type=\"widget\" data-widget_type=\"heading.default\">\n\t\t\t\t<div class=\"elementor-widget-container\">\n\t\t\t<h2 class=\"elementor-heading-title elementor-size-default\">Secure storage<\/h2>\t\t<\/div>\n\t\t\t\t<\/div>\n\t\t\t\t<div class=\"elementor-element elementor-element-4d137e7 elementor-widget elementor-widget-text-editor\" data-id=\"4d137e7\" data-element_type=\"widget\" data-widget_type=\"text-editor.default\">\n\t\t\t\t<div class=\"elementor-widget-container\">\n\t\t\t\t\t\t\t<p>State-of-the-art blockchain technology to store recorded verbal contracts. Unbreakable, no abuse possible!<\/p>\t\t\t\t\t\t<\/div>\n\t\t\t\t<\/div>\n\t\t\t\t\t<\/div>\n\t\t<\/div>\n\t\t\t\t\t<\/div>\n\t\t<\/section>\n\t\t\t\t<section class=\"elementor-section elementor-top-section elementor-element elementor-element-dbf257c elementor-section-boxed elementor-section-height-default elementor-section-height-default\" data-id=\"dbf257c\" data-element_type=\"section\">\n\t\t\t\t\t\t<div class=\"elementor-container elementor-column-gap-default\">\n\t\t\t\t\t<div class=\"elementor-column elementor-col-50 elementor-top-column elementor-element elementor-element-c339486\" data-id=\"c339486\" data-element_type=\"column\">\n\t\t\t<div class=\"elementor-widget-wrap elementor-element-populated\">\n\t\t\t\t\t\t<div class=\"elementor-element elementor-element-a4b3162 elementor-widget elementor-widget-image\" data-id=\"a4b3162\" data-element_type=\"widget\" data-widget_type=\"image.default\">\n\t\t\t\t<div class=\"elementor-widget-container\">\n\t\t\t\t\t\t\t\t\t\t\t\t\t<img loading=\"lazy\" decoding=\"async\" width=\"842\" height=\"502\" src=\"https:\/\/echosafe.eu\/wp-content\/uploads\/2024\/06\/kep3.png\" class=\"attachment-large size-large wp-image-34166\" alt=\"\" srcset=\"https:\/\/echosafe.eu\/wp-content\/uploads\/2024\/06\/kep3.png 842w, https:\/\/echosafe.eu\/wp-content\/uploads\/2024\/06\/kep3-300x179.png 300w, https:\/\/echosafe.eu\/wp-content\/uploads\/2024\/06\/kep3-768x458.png 768w\" sizes=\"(max-width: 842px) 100vw, 842px\" \/>\t\t\t\t\t\t\t\t\t\t\t\t\t<\/div>\n\t\t\t\t<\/div>\n\t\t\t\t\t<\/div>\n\t\t<\/div>\n\t\t\t\t<div class=\"elementor-column elementor-col-50 elementor-top-column elementor-element elementor-element-2cdad28\" data-id=\"2cdad28\" data-element_type=\"column\">\n\t\t\t<div class=\"elementor-widget-wrap elementor-element-populated\">\n\t\t\t\t\t\t<div class=\"elementor-element elementor-element-59207ee elementor-widget elementor-widget-heading\" data-id=\"59207ee\" data-element_type=\"widget\" data-widget_type=\"heading.default\">\n\t\t\t\t<div class=\"elementor-widget-container\">\n\t\t\t<h2 class=\"elementor-heading-title elementor-size-default\">You can record your contracts anywhere, anytime<\/h2>\t\t<\/div>\n\t\t\t\t<\/div>\n\t\t\t\t<div class=\"elementor-element elementor-element-6d6d872 elementor-widget elementor-widget-text-editor\" data-id=\"6d6d872\" data-element_type=\"widget\" data-widget_type=\"text-editor.default\">\n\t\t\t\t<div class=\"elementor-widget-container\">\n\t\t\t\t\t\t\t<p>Contracting has never been easier. Use the topics to get to grips with the details of your agreement. No more misunderstandings or unclear circumstances.\u00a0<\/p>\t\t\t\t\t\t<\/div>\n\t\t\t\t<\/div>\n\t\t\t\t\t<\/div>\n\t\t<\/div>\n\t\t\t\t\t<\/div>\n\t\t<\/section>\n\t\t\t\t<section class=\"elementor-section elementor-top-section elementor-element elementor-element-f0617cf elementor-section-boxed elementor-section-height-default elementor-section-height-default\" data-id=\"f0617cf\" data-element_type=\"section\">\n\t\t\t\t\t\t<div class=\"elementor-container elementor-column-gap-default\">\n\t\t\t\t\t<div class=\"elementor-column elementor-col-50 elementor-top-column elementor-element elementor-element-7a2c2d9\" data-id=\"7a2c2d9\" data-element_type=\"column\">\n\t\t\t<div class=\"elementor-widget-wrap elementor-element-populated\">\n\t\t\t\t\t\t<div class=\"elementor-element elementor-element-51ba9f4 elementor-widget elementor-widget-heading\" data-id=\"51ba9f4\" data-element_type=\"widget\" data-widget_type=\"heading.default\">\n\t\t\t\t<div class=\"elementor-widget-container\">\n\t\t\t<h2 class=\"elementor-heading-title elementor-size-default\">You can listen back, share and keep bitsafe<\/h2>\t\t<\/div>\n\t\t\t\t<\/div>\n\t\t\t\t<div class=\"elementor-element elementor-element-118d118 elementor-widget elementor-widget-text-editor\" data-id=\"118d118\" data-element_type=\"widget\" data-widget_type=\"text-editor.default\">\n\t\t\t\t<div class=\"elementor-widget-container\">\n\t\t\t\t\t\t\t<p>Contracting has never been easier. Use the topics to get to grips with the details of your agreement. No more misunderstandings or unclear circumstances.\u00a0<\/p>\t\t\t\t\t\t<\/div>\n\t\t\t\t<\/div>\n\t\t\t\t\t<\/div>\n\t\t<\/div>\n\t\t\t\t<div class=\"elementor-column elementor-col-50 elementor-top-column elementor-element elementor-element-92fefea\" data-id=\"92fefea\" data-element_type=\"column\">\n\t\t\t<div class=\"elementor-widget-wrap elementor-element-populated\">\n\t\t\t\t\t\t<div class=\"elementor-element elementor-element-49ff9f5 elementor-widget elementor-widget-image\" data-id=\"49ff9f5\" data-element_type=\"widget\" data-widget_type=\"image.default\">\n\t\t\t\t<div class=\"elementor-widget-container\">\n\t\t\t\t\t\t\t\t\t\t\t\t\t<img loading=\"lazy\" decoding=\"async\" width=\"748\" height=\"439\" src=\"https:\/\/echosafe.eu\/wp-content\/uploads\/2024\/06\/kep4.png\" class=\"attachment-large size-large wp-image-34165\" alt=\"\" srcset=\"https:\/\/echosafe.eu\/wp-content\/uploads\/2024\/06\/kep4.png 748w, https:\/\/echosafe.eu\/wp-content\/uploads\/2024\/06\/kep4-300x176.png 300w\" sizes=\"(max-width: 748px) 100vw, 748px\" \/>\t\t\t\t\t\t\t\t\t\t\t\t\t<\/div>\n\t\t\t\t<\/div>\n\t\t\t\t\t<\/div>\n\t\t<\/div>\n\t\t\t\t\t<\/div>\n\t\t<\/section>\n\t\t\t\t<section class=\"elementor-section elementor-top-section elementor-element elementor-element-c51aece elementor-section-boxed elementor-section-height-default elementor-section-height-default\" data-id=\"c51aece\" data-element_type=\"section\">\n\t\t\t\t\t\t<div class=\"elementor-container elementor-column-gap-default\">\n\t\t\t\t\t<div class=\"elementor-column elementor-col-100 elementor-top-column elementor-element elementor-element-b694a83\" data-id=\"b694a83\" data-element_type=\"column\">\n\t\t\t<div class=\"elementor-widget-wrap elementor-element-populated\">\n\t\t\t\t\t\t<div class=\"elementor-element elementor-element-d4647ff elementor-align-center elementor-widget elementor-widget-button\" data-id=\"d4647ff\" data-element_type=\"widget\" data-widget_type=\"button.default\">\n\t\t\t\t<div class=\"elementor-widget-container\">\n\t\t\t\t\t<div class=\"elementor-button-wrapper\">\n\t\t\t<a class=\"elementor-button elementor-button-link elementor-size-sm\" href=\"https:\/\/echosafe.eu\/en\/404-2\/\">\n\t\t\t\t\t\t<span class=\"elementor-button-content-wrapper\">\n\t\t\t\t\t\t\t\t\t<span class=\"elementor-button-text\">FREE REGISTRATION<\/span>\n\t\t\t\t\t<\/span>\n\t\t\t\t\t<\/a>\n\t\t<\/div>\n\t\t\t\t<\/div>\n\t\t\t\t<\/div>\n\t\t\t\t\t<\/div>\n\t\t<\/div>\n\t\t\t\t\t<\/div>\n\t\t<\/section>\n\t\t\t\t<section class=\"elementor-section elementor-top-section elementor-element elementor-element-acf1ac0 elementor-section-boxed elementor-section-height-default elementor-section-height-default\" data-id=\"acf1ac0\" data-element_type=\"section\">\n\t\t\t\t\t\t<div class=\"elementor-container elementor-column-gap-default\">\n\t\t\t\t\t<div class=\"elementor-column elementor-col-100 elementor-top-column elementor-element elementor-element-3997b21\" data-id=\"3997b21\" data-element_type=\"column\">\n\t\t\t<div class=\"elementor-widget-wrap elementor-element-populated\">\n\t\t\t\t\t\t<div class=\"elementor-element elementor-element-6cf5a2c elementor-widget elementor-widget-image\" data-id=\"6cf5a2c\" data-element_type=\"widget\" data-widget_type=\"image.default\">\n\t\t\t\t<div class=\"elementor-widget-container\">\n\t\t\t\t\t\t\t\t\t\t\t\t\t\t<a href=\"https:\/\/echosafe.eu\/en\/szechenyi2020\/\">\n\t\t\t\t\t\t\t<img loading=\"lazy\" decoding=\"async\" width=\"1024\" height=\"708\" src=\"https:\/\/echosafe.eu\/wp-content\/uploads\/2024\/06\/infoblokk_kedv_final_felso_cmyk_ERFA-1024x708.jpg\" class=\"attachment-large size-large wp-image-34180\" alt=\"\" srcset=\"https:\/\/echosafe.eu\/wp-content\/uploads\/2024\/06\/infoblokk_kedv_final_felso_cmyk_ERFA-1024x708.jpg 1024w, https:\/\/echosafe.eu\/wp-content\/uploads\/2024\/06\/infoblokk_kedv_final_felso_cmyk_ERFA-300x207.jpg 300w, https:\/\/echosafe.eu\/wp-content\/uploads\/2024\/06\/infoblokk_kedv_final_felso_cmyk_ERFA-768x531.jpg 768w, https:\/\/echosafe.eu\/wp-content\/uploads\/2024\/06\/infoblokk_kedv_final_felso_cmyk_ERFA.jpg 1453w\" sizes=\"(max-width: 1024px) 100vw, 1024px\" \/>\t\t\t\t\t\t\t\t<\/a>\n\t\t\t\t\t\t\t\t\t\t\t\t\t<\/div>\n\t\t\t\t<\/div>\n\t\t\t\t\t<\/div>\n\t\t<\/div>\n\t\t\t\t\t<\/div>\n\t\t<\/section>\n\t\t\t\t<section class=\"elementor-section elementor-top-section elementor-element elementor-element-6d68c0e elementor-section-boxed elementor-section-height-default elementor-section-height-default\" data-id=\"6d68c0e\" data-element_type=\"section\" data-settings=\"{&quot;background_background&quot;:&quot;classic&quot;}\">\n\t\t\t\t\t\t<div class=\"elementor-container elementor-column-gap-default\">\n\t\t\t\t\t<div class=\"elementor-column elementor-col-50 elementor-top-column elementor-element elementor-element-2d5af07\" data-id=\"2d5af07\" data-element_type=\"column\">\n\t\t\t<div class=\"elementor-widget-wrap elementor-element-populated\">\n\t\t\t\t\t\t<div class=\"elementor-element elementor-element-5a94e57 elementor-widget elementor-widget-text-editor\" data-id=\"5a94e57\" data-element_type=\"widget\" data-widget_type=\"text-editor.default\">\n\t\t\t\t<div class=\"elementor-widget-container\">\n\t\t\t\t\t\t\t<p>Impressum<\/p>\t\t\t\t\t\t<\/div>\n\t\t\t\t<\/div>\n\t\t\t\t\t<\/div>\n\t\t<\/div>\n\t\t\t\t<div class=\"elementor-column elementor-col-50 elementor-top-column elementor-element elementor-element-182afde\" data-id=\"182afde\" data-element_type=\"column\">\n\t\t\t<div class=\"elementor-widget-wrap elementor-element-populated\">\n\t\t\t\t\t\t<div class=\"elementor-element elementor-element-ae3fedc elementor-widget elementor-widget-text-editor\" data-id=\"ae3fedc\" data-element_type=\"widget\" data-widget_type=\"text-editor.default\">\n\t\t\t\t<div class=\"elementor-widget-container\">\n\t\t\t\t\t\t\t<p>Privacy Statement<\/p>\t\t\t\t\t\t<\/div>\n\t\t\t\t<\/div>\n\t\t\t\t\t<\/div>\n\t\t<\/div>\n\t\t\t\t\t<\/div>\n\t\t<\/section>\n\t\t\t\t<\/div>","protected":false},"excerpt":{"rendered":"<p>R\u00f6gz\u00edtsd sz\u00f3beli szerz\u0151d\u00e9seidet blockhain alap\u00fa titkos\u00edt\u00e1ssal Az Echosafe-el r\u00f6gz\u00edtheted, titkos\u00edthatod \u00e9s t\u00e1rolhatod a laptopod vagy mobilod seg\u00edts\u00e9g\u00e9vel a sz\u00f3beli szerz\u0151d\u00e9seidet.\u00a0 Kezdd Haszn\u00e1lni, Teljesen ingyen! Nincs t\u00f6bb elfelejtett hat\u00e1rid\u0151 Az id\u0151 p\u00e9nz. \u00c1ll\u00edts be \u00e9rtes\u00edt\u00e9st a szerz\u0151d\u00e9seid teljes\u00edt\u00e9si hat\u00e1ridej\u00e9re, \u00edgy te \u00e9s a partnered is tudni fogj\u00e1tok, mikor kell elv\u00e9gezni a munk\u00e1t.\u00a0 Biztons\u00e1gos t\u00e1rol\u00e1s A legmodernebb [&hellip;]<\/p>","protected":false},"author":2,"featured_media":0,"parent":0,"menu_order":0,"comment_status":"closed","ping_status":"closed","template":"elementor_canvas","meta":{"footnotes":""},"class_list":["post-34136","page","type-page","status-publish","hentry","entry"],"_links":{"self":[{"href":"https:\/\/echosafe.eu\/en\/wp-json\/wp\/v2\/pages\/34136","targetHints":{"allow":["GET"]}}],"collection":[{"href":"https:\/\/echosafe.eu\/en\/wp-json\/wp\/v2\/pages"}],"about":[{"href":"https:\/\/echosafe.eu\/en\/wp-json\/wp\/v2\/types\/page"}],"author":[{"embeddable":true,"href":"https:\/\/echosafe.eu\/en\/wp-json\/wp\/v2\/users\/2"}],"replies":[{"embeddable":true,"href":"https:\/\/echosafe.eu\/en\/wp-json\/wp\/v2\/comments?post=34136"}],"version-history":[{"count":9,"href":"https:\/\/echosafe.eu\/en\/wp-json\/wp\/v2\/pages\/34136\/revisions"}],"predecessor-version":[{"id":34212,"href":"https:\/\/echosafe.eu\/en\/wp-json\/wp\/v2\/pages\/34136\/revisions\/34212"}],"wp:attachment":[{"href":"https:\/\/echosafe.eu\/en\/wp-json\/wp\/v2\/media?parent=34136"}],"curies":[{"name":"wp","href":"https:\/\/api.w.org\/{rel}","templated":true}]}}