{"id":34201,"date":"2024-06-10T18:21:44","date_gmt":"2024-06-10T18:21:44","guid":{"rendered":"https:\/\/echosafe.eu\/?page_id=34201"},"modified":"2024-06-10T18:23:30","modified_gmt":"2024-06-10T18:23:30","slug":"szechenyi2020","status":"publish","type":"page","link":"https:\/\/echosafe.eu\/en\/szechenyi2020\/","title":{"rendered":"Szechenyi2020"},"content":{"rendered":"<div data-elementor-type=\"wp-page\" data-elementor-id=\"34201\" class=\"elementor elementor-34201\">\n\t\t\t\t<div class=\"elementor-element elementor-element-56f528f e-flex e-con-boxed e-con e-parent\" data-id=\"56f528f\" data-element_type=\"container\">\n\t\t\t\t\t<div class=\"e-con-inner\">\n\t\t\t\t<div class=\"elementor-element elementor-element-cb25b15 elementor-widget elementor-widget-text-editor\" data-id=\"cb25b15\" data-element_type=\"widget\" data-widget_type=\"text-editor.default\">\n\t\t\t\t<div class=\"elementor-widget-container\">\n\t\t\t<style>\/*! elementor - v3.21.0 - 26-05-2024 *\/\n.elementor-widget-text-editor.elementor-drop-cap-view-stacked .elementor-drop-cap{background-color:#69727d;color:#fff}.elementor-widget-text-editor.elementor-drop-cap-view-framed .elementor-drop-cap{color:#69727d;border:3px solid;background-color:transparent}.elementor-widget-text-editor:not(.elementor-drop-cap-view-default) .elementor-drop-cap{margin-top:8px}.elementor-widget-text-editor:not(.elementor-drop-cap-view-default) .elementor-drop-cap-letter{width:1em;height:1em}.elementor-widget-text-editor .elementor-drop-cap{float:left;text-align:center;line-height:1;font-size:50px}.elementor-widget-text-editor .elementor-drop-cap-letter{display:inline-block}<\/style>\t\t\t\t<p><strong>Name of beneficiary:<\/strong> Blocksafe Limited Liability Company<\/p><p><strong>Project title:<\/strong> Development of a cloud-based blockchain solution for the recording and validation of verbal agreements and contracts<\/p><p><strong>Contracted amount of aid:<\/strong> 29 660 160 Ft<\/p><p><strong>Amount of aid:<\/strong> 59.58%<\/p><p><strong>Project ID:<\/strong> VEKOP-2.1.7-15-2016-00061<\/p><p><strong>Short description:<\/strong> The aim of the project is to develop and prepare the market launch of a cloud-based solution that will enable the recording of audio material, in particular oral contracts, in an indestructible, uncorruptible format that allows for unique identification, and the secure storage and retrieval of the resulting documents. The result thus contributes to the legal certainty and the fulfilment of the cooperation of both operators and public authorities. Within the framework of the project, Blocksafe Ltd will design and implement the IT system of the solution, both the backend (server-side) and the frontend (user-side) components; the training materials necessary for the use of the solution. The solution to be created under the tender will be unique both in Hungary and in the countries of the European Union and the wider global market, providing a cost-effective, easily scalable solution based on modern technologies to a critical unmet business need.<\/p>\t\t\t\t\t\t<\/div>\n\t\t\t\t<\/div>\n\t\t\t\t\t<\/div>\n\t\t\t\t<\/div>\n\t\t\t\t<\/div>","protected":false},"excerpt":{"rendered":"<p>Kedvezm\u00e9nyezett neve: Blocksafe Korl\u00e1tolt Felel\u0151ss\u00e9g\u0171 T\u00e1rsas\u00e1g Projekt c\u00edme: Sz\u00f3beli meg\u00e1llapod\u00e1sok \u00e9s szerz\u0151d\u00e9sek r\u00f6gz\u00edt\u00e9s\u00e9t \u00e9s valid\u00e1ci\u00f3j\u00e1t lehet\u0151v\u00e9 tev\u0151 felh\u0151 alap\u00fa blockchain megold\u00e1s kifejleszt\u00e9se Szerz\u0151d\u00f6tt t\u00e1mogat\u00e1s \u00f6sszege: 29 660 160 Ft T\u00e1mogat\u00e1s m\u00e9rt\u00e9ke: 59.58% Projektazonos\u00edt\u00f3: VEKOP-2.1.7-15-2016-00061 R\u00f6vid le\u00edr\u00e1s: A projekt c\u00e9lja egy olyan felh\u0151alap\u00fa megold\u00e1s kifejleszt\u00e9se \u00e9s piacra l\u00e9p\u00e9s\u00e9nek el\u0151k\u00e9sz\u00edt\u00e9se, mely lehet\u0151v\u00e9 teszi az audio anyagok,-kifejezetten sz\u00f3beli [&hellip;]<\/p>","protected":false},"author":1,"featured_media":0,"parent":0,"menu_order":0,"comment_status":"closed","ping_status":"closed","template":"elementor_canvas","meta":{"footnotes":""},"class_list":["post-34201","page","type-page","status-publish","hentry","entry"],"_links":{"self":[{"href":"https:\/\/echosafe.eu\/en\/wp-json\/wp\/v2\/pages\/34201","targetHints":{"allow":["GET"]}}],"collection":[{"href":"https:\/\/echosafe.eu\/en\/wp-json\/wp\/v2\/pages"}],"about":[{"href":"https:\/\/echosafe.eu\/en\/wp-json\/wp\/v2\/types\/page"}],"author":[{"embeddable":true,"href":"https:\/\/echosafe.eu\/en\/wp-json\/wp\/v2\/users\/1"}],"replies":[{"embeddable":true,"href":"https:\/\/echosafe.eu\/en\/wp-json\/wp\/v2\/comments?post=34201"}],"version-history":[{"count":7,"href":"https:\/\/echosafe.eu\/en\/wp-json\/wp\/v2\/pages\/34201\/revisions"}],"predecessor-version":[{"id":34209,"href":"https:\/\/echosafe.eu\/en\/wp-json\/wp\/v2\/pages\/34201\/revisions\/34209"}],"wp:attachment":[{"href":"https:\/\/echosafe.eu\/en\/wp-json\/wp\/v2\/media?parent=34201"}],"curies":[{"name":"wp","href":"https:\/\/api.w.org\/{rel}","templated":true}]}}